{"id":65569,"date":"2018-01-22T15:45:10","date_gmt":"2018-01-22T14:45:10","guid":{"rendered":"http:\/\/www.mrsenat.be\/cahiers-du-senat\/?page_id=65569"},"modified":"2019-02-25T12:14:23","modified_gmt":"2019-02-25T11:14:23","slug":"les-cahiers-du-senat","status":"publish","type":"page","link":"https:\/\/www.mrsenat.be\/cahiers-du-senat\/","title":{"rendered":"Les Cahiers du S\u00e9nat"},"content":{"rendered":"<p>[vc_row row_height_percent=\u00a0\u00bb0&Prime; overlay_alpha=\u00a0\u00bb50&Prime; gutter_size=\u00a0\u00bb3&Prime; column_width_percent=\u00a0\u00bb100&Prime; desktop_visibility=\u00a0\u00bbyes\u00a0\u00bb medium_visibility=\u00a0\u00bbyes\u00a0\u00bb mobile_visibility=\u00a0\u00bbyes\u00a0\u00bb shift_y=\u00a0\u00bb0&Prime; z_index=\u00a0\u00bb0&Prime;][vc_column width=\u00a0\u00bb1\/1&Prime;][vc_single_image media=\u00a0\u00bb65565&Prime; media_width_percent=\u00a0\u00bb100&Prime;][\/vc_column][\/vc_row][vc_row unlock_row_content=\u00a0\u00bbyes\u00a0\u00bb row_height_percent=\u00a0\u00bb0&Prime; override_padding=\u00a0\u00bbyes\u00a0\u00bb h_padding=\u00a0\u00bb0&Prime; top_padding=\u00a0\u00bb0&Prime; bottom_padding=\u00a0\u00bb0&Prime; overlay_alpha=\u00a0\u00bb100&Prime; gutter_size=\u00a0\u00bb100&Prime; column_width_percent=\u00a0\u00bb100&Prime; shift_y=\u00a0\u00bb0&Prime; z_index=\u00a0\u00bb0&Prime; style=\u00a0\u00bbinherited\u00a0\u00bb][vc_column column_width_percent=\u00a0\u00bb100&Prime; position_horizontal=\u00a0\u00bbleft\u00a0\u00bb font_family=\u00a0\u00bbfont-134980&Prime; overlay_alpha=\u00a0\u00bb100&Prime; gutter_size=\u00a0\u00bb3&Prime; medium_width=\u00a0\u00bb0&Prime; mobile_width=\u00a0\u00bb0&Prime; shift_x=\u00a0\u00bb0&Prime; shift_y=\u00a0\u00bb0&Prime; z_index=\u00a0\u00bb0&Prime; zoom_width=\u00a0\u00bb0&Prime; zoom_height=\u00a0\u00bb0&Prime; width=\u00a0\u00bb1\/1&Prime;][uncode_index el_id=\u00a0\u00bbindex-197106822289&Prime; loop=\u00a0\u00bbsize:6|order_by:date|order:DESC|post_type:post|categories:1,472&Prime; style_preset=\u00a0\u00bbmetro\u00a0\u00bb single_height_viewport=\u00a0\u00bbyes\u00a0\u00bb gutter_size=\u00a0\u00bb0&Prime; post_items=\u00a0\u00bbmedia|featured|onpost|poster,title\u00a0\u00bb page_items=\u00a0\u00bbtitle,media,text,category\u00a0\u00bb product_items=\u00a0\u00bbtitle,media,text,category,price\u00a0\u00bb portfolio_items=\u00a0\u00bbtitle,media,text,category\u00a0\u00bb screen_lg=\u00a0\u00bb800&Prime; screen_md=\u00a0\u00bb800&Prime; screen_sm=\u00a0\u00bb800&Prime; single_text=\u00a0\u00bboverlay\u00a0\u00bb single_width=\u00a0\u00bb6&Prime; single_fluid_height=\u00a0\u00bb50&Prime; single_overlay_color=\u00a0\u00bbcolor-wayh\u00a0\u00bb single_overlay_coloration=\u00a0\u00bbbottom_gradient\u00a0\u00bb single_overlay_opacity=\u00a0\u00bb70&Prime; single_text_visible=\u00a0\u00bbyes\u00a0\u00bb single_text_anim=\u00a0\u00bbno\u00a0\u00bb single_overlay_visible=\u00a0\u00bbyes\u00a0\u00bb single_overlay_anim=\u00a0\u00bbno\u00a0\u00bb single_v_position=\u00a0\u00bbbottom\u00a0\u00bb single_reduced=\u00a0\u00bbhalf\u00a0\u00bb single_padding=\u00a0\u00bb3&Prime; single_title_dimension=\u00a0\u00bbh2&Prime; single_title_family=\u00a0\u00bbfont-156269&Prime; single_border=\u00a0\u00bbyes\u00a0\u00bb single_css_animation=\u00a0\u00bbright-t-left\u00a0\u00bb single_animation_delay=\u00a0\u00bb400&Prime; single_text_inline=\u00a0\u00bbyes\u00a0\u00bb filtering_menu=\u00a0\u00bbinline\u00a0\u00bb single_text_hover=\u00a0\u00bbyes\u00a0\u00bb single_block_click=\u00a0\u00bbyes\u00a0\u00bb single_title_serif=\u00a0\u00bb\u00a0\u00bb single_title_divider=\u00a0\u00bbyes\u00a0\u00bb single_no_background=\u00a0\u00bb\u00a0\u00bb single_title_bold=\u00a0\u00bbyes\u00a0\u00bb single_half_padding=\u00a0\u00bb\u00a0\u00bb footer_position=\u00a0\u00bbleft\u00a0\u00bb carousel_rtl=\u00a0\u00bb\u00a0\u00bb order_ids=\u00a0\u00bb66378,66338,66352,66347,66356,66361&Prime;][\/vc_column][\/vc_row][vc_row row_height_percent=\u00a0\u00bb0&Prime; back_color=\u00a0\u00bbcolor-lxmt\u00a0\u00bb overlay_alpha=\u00a0\u00bb50&Prime; gutter_size=\u00a0\u00bb3&Prime; column_width_percent=\u00a0\u00bb100&Prime; shift_y=\u00a0\u00bb0&Prime; z_index=\u00a0\u00bb0&Prime;][vc_column column_width_percent=\u00a0\u00bb100&Prime; position_vertical=\u00a0\u00bbmiddle\u00a0\u00bb align_horizontal=\u00a0\u00bbalign_center\u00a0\u00bb overlay_alpha=\u00a0\u00bb50&Prime; gutter_size=\u00a0\u00bb3&Prime; medium_width=\u00a0\u00bb0&Prime; mobile_width=\u00a0\u00bb0&Prime; shift_x=\u00a0\u00bb0&Prime; shift_y=\u00a0\u00bb0&Prime; shift_y_down=\u00a0\u00bb0&Prime; z_index=\u00a0\u00bb0&Prime; css_animation=\u00a0\u00bbright-t-left\u00a0\u00bb width=\u00a0\u00bb1\/1&Prime;][vc_custom_heading]Edition 3 &#8211; Juillet 2018[\/vc_custom_heading][\/vc_column][\/vc_row][vc_row unlock_row_content=\u00a0\u00bbyes\u00a0\u00bb row_height_percent=\u00a0\u00bb0&Prime; override_padding=\u00a0\u00bbyes\u00a0\u00bb h_padding=\u00a0\u00bb0&Prime; top_padding=\u00a0\u00bb0&Prime; bottom_padding=\u00a0\u00bb0&Prime; overlay_alpha=\u00a0\u00bb100&Prime; gutter_size=\u00a0\u00bb100&Prime; column_width_percent=\u00a0\u00bb100&Prime; shift_y=\u00a0\u00bb0&Prime; z_index=\u00a0\u00bb0&Prime; style=\u00a0\u00bbinherited\u00a0\u00bb][vc_column column_width_percent=\u00a0\u00bb100&Prime; position_horizontal=\u00a0\u00bbleft\u00a0\u00bb font_family=\u00a0\u00bbfont-134980&Prime; overlay_alpha=\u00a0\u00bb100&Prime; gutter_size=\u00a0\u00bb3&Prime; medium_width=\u00a0\u00bb0&Prime; mobile_width=\u00a0\u00bb0&Prime; shift_x=\u00a0\u00bb0&Prime; shift_y=\u00a0\u00bb0&Prime; z_index=\u00a0\u00bb0&Prime; zoom_width=\u00a0\u00bb0&Prime; zoom_height=\u00a0\u00bb0&Prime; width=\u00a0\u00bb1\/1&Prime;][uncode_index el_id=\u00a0\u00bbindex-197106822234&Prime; loop=\u00a0\u00bbsize:6|order_by:date|order:DESC|post_type:post|categories:1,472|by_id:66248,66240,66237,66233,66221,66214&Prime; style_preset=\u00a0\u00bbmetro\u00a0\u00bb single_height_viewport=\u00a0\u00bbyes\u00a0\u00bb gutter_size=\u00a0\u00bb0&Prime; post_items=\u00a0\u00bbmedia|featured|onpost|poster,title\u00a0\u00bb page_items=\u00a0\u00bbtitle,media,text,category\u00a0\u00bb product_items=\u00a0\u00bbtitle,media,text,category,price\u00a0\u00bb portfolio_items=\u00a0\u00bbtitle,media,text,category\u00a0\u00bb screen_lg=\u00a0\u00bb800&Prime; screen_md=\u00a0\u00bb800&Prime; screen_sm=\u00a0\u00bb800&Prime; single_text=\u00a0\u00bboverlay\u00a0\u00bb single_fluid_height=\u00a0\u00bb50&Prime; single_overlay_color=\u00a0\u00bbcolor-wayh\u00a0\u00bb single_overlay_coloration=\u00a0\u00bbbottom_gradient\u00a0\u00bb single_overlay_opacity=\u00a0\u00bb70&Prime; single_text_visible=\u00a0\u00bbyes\u00a0\u00bb single_text_anim=\u00a0\u00bbno\u00a0\u00bb single_overlay_visible=\u00a0\u00bbyes\u00a0\u00bb single_overlay_anim=\u00a0\u00bbno\u00a0\u00bb single_v_position=\u00a0\u00bbbottom\u00a0\u00bb single_padding=\u00a0\u00bb3&Prime; single_title_dimension=\u00a0\u00bbh2&Prime; single_title_family=\u00a0\u00bbfont-156269&Prime; single_border=\u00a0\u00bbyes\u00a0\u00bb single_css_animation=\u00a0\u00bbright-t-left\u00a0\u00bb single_animation_delay=\u00a0\u00bb400&Prime; single_text_inline=\u00a0\u00bbyes\u00a0\u00bb filtering_menu=\u00a0\u00bbinline\u00a0\u00bb single_text_hover=\u00a0\u00bbyes\u00a0\u00bb single_block_click=\u00a0\u00bbyes\u00a0\u00bb single_title_serif=\u00a0\u00bb\u00a0\u00bb single_title_divider=\u00a0\u00bbyes\u00a0\u00bb single_no_background=\u00a0\u00bb\u00a0\u00bb single_title_bold=\u00a0\u00bbyes\u00a0\u00bb single_half_padding=\u00a0\u00bb\u00a0\u00bb footer_position=\u00a0\u00bbleft\u00a0\u00bb carousel_rtl=\u00a0\u00bb\u00a0\u00bb order_ids=\u00a0\u00bb66214,66221,66233,66237,66240,66248&Prime;][\/vc_column][\/vc_row][vc_row row_height_percent=\u00a0\u00bb0&Prime; back_color=\u00a0\u00bbcolor-lxmt\u00a0\u00bb overlay_alpha=\u00a0\u00bb50&Prime; gutter_size=\u00a0\u00bb3&Prime; column_width_percent=\u00a0\u00bb100&Prime; shift_y=\u00a0\u00bb0&Prime; z_index=\u00a0\u00bb0&Prime;][vc_column column_width_percent=\u00a0\u00bb100&Prime; position_vertical=\u00a0\u00bbmiddle\u00a0\u00bb align_horizontal=\u00a0\u00bbalign_center\u00a0\u00bb overlay_alpha=\u00a0\u00bb50&Prime; gutter_size=\u00a0\u00bb3&Prime; medium_width=\u00a0\u00bb0&Prime; mobile_width=\u00a0\u00bb0&Prime; shift_x=\u00a0\u00bb0&Prime; shift_y=\u00a0\u00bb0&Prime; shift_y_down=\u00a0\u00bb0&Prime; z_index=\u00a0\u00bb0&Prime; css_animation=\u00a0\u00bbright-t-left\u00a0\u00bb width=\u00a0\u00bb1\/1&Prime;][vc_custom_heading]Edition 2 &#8211; Mars 2018[\/vc_custom_heading][\/vc_column][\/vc_row][vc_row unlock_row_content=\u00a0\u00bbyes\u00a0\u00bb row_height_percent=\u00a0\u00bb0&Prime; override_padding=\u00a0\u00bbyes\u00a0\u00bb h_padding=\u00a0\u00bb0&Prime; top_padding=\u00a0\u00bb0&Prime; bottom_padding=\u00a0\u00bb0&Prime; overlay_alpha=\u00a0\u00bb100&Prime; gutter_size=\u00a0\u00bb100&Prime; column_width_percent=\u00a0\u00bb100&Prime; shift_y=\u00a0\u00bb0&Prime; z_index=\u00a0\u00bb0&Prime; style=\u00a0\u00bbinherited\u00a0\u00bb][vc_column column_width_percent=\u00a0\u00bb100&Prime; position_horizontal=\u00a0\u00bbleft\u00a0\u00bb font_family=\u00a0\u00bbfont-134980&Prime; overlay_alpha=\u00a0\u00bb100&Prime; gutter_size=\u00a0\u00bb3&Prime; medium_width=\u00a0\u00bb0&Prime; mobile_width=\u00a0\u00bb0&Prime; shift_x=\u00a0\u00bb0&Prime; shift_y=\u00a0\u00bb0&Prime; z_index=\u00a0\u00bb0&Prime; zoom_width=\u00a0\u00bb0&Prime; zoom_height=\u00a0\u00bb0&Prime; width=\u00a0\u00bb1\/1&Prime;][uncode_index el_id=\u00a0\u00bbindex-197106822234&Prime; loop=\u00a0\u00bbsize:6|order_by:date|order:DESC|post_type:post|categories:1,472|by_id:65681,65632,65674,65657,65641,65485&Prime; style_preset=\u00a0\u00bbmetro\u00a0\u00bb single_height_viewport=\u00a0\u00bbyes\u00a0\u00bb gutter_size=\u00a0\u00bb0&Prime; post_items=\u00a0\u00bbmedia|featured|onpost|poster,title\u00a0\u00bb page_items=\u00a0\u00bbtitle,media,text,category\u00a0\u00bb product_items=\u00a0\u00bbtitle,media,text,category,price\u00a0\u00bb portfolio_items=\u00a0\u00bbtitle,media,text,category\u00a0\u00bb screen_lg=\u00a0\u00bb800&Prime; screen_md=\u00a0\u00bb800&Prime; screen_sm=\u00a0\u00bb800&Prime; single_text=\u00a0\u00bboverlay\u00a0\u00bb single_fluid_height=\u00a0\u00bb50&Prime; single_overlay_color=\u00a0\u00bbcolor-jevc\u00a0\u00bb single_overlay_coloration=\u00a0\u00bbbottom_gradient\u00a0\u00bb single_overlay_opacity=\u00a0\u00bb70&Prime; single_text_visible=\u00a0\u00bbyes\u00a0\u00bb single_text_anim=\u00a0\u00bbno\u00a0\u00bb single_overlay_visible=\u00a0\u00bbyes\u00a0\u00bb single_overlay_anim=\u00a0\u00bbno\u00a0\u00bb single_v_position=\u00a0\u00bbbottom\u00a0\u00bb single_padding=\u00a0\u00bb3&Prime; single_title_dimension=\u00a0\u00bbh2&Prime; single_title_family=\u00a0\u00bbfont-156269&Prime; single_border=\u00a0\u00bbyes\u00a0\u00bb single_css_animation=\u00a0\u00bbright-t-left\u00a0\u00bb single_animation_delay=\u00a0\u00bb400&Prime; single_text_inline=\u00a0\u00bbyes\u00a0\u00bb filtering_menu=\u00a0\u00bbinline\u00a0\u00bb single_text_hover=\u00a0\u00bbyes\u00a0\u00bb single_block_click=\u00a0\u00bbyes\u00a0\u00bb single_title_serif=\u00a0\u00bb\u00a0\u00bb single_title_divider=\u00a0\u00bbyes\u00a0\u00bb single_no_background=\u00a0\u00bb\u00a0\u00bb single_title_bold=\u00a0\u00bbyes\u00a0\u00bb single_half_padding=\u00a0\u00bb\u00a0\u00bb footer_position=\u00a0\u00bbleft\u00a0\u00bb carousel_rtl=\u00a0\u00bb\u00a0\u00bb order_ids=\u00a0\u00bb4193,4231,4247,4252,4225&Prime;][\/vc_column][\/vc_row][vc_row row_height_percent=\u00a0\u00bb0&Prime; back_color=\u00a0\u00bbcolor-lxmt\u00a0\u00bb overlay_alpha=\u00a0\u00bb50&Prime; gutter_size=\u00a0\u00bb3&Prime; column_width_percent=\u00a0\u00bb100&Prime; shift_y=\u00a0\u00bb0&Prime; z_index=\u00a0\u00bb0&Prime;][vc_column column_width_percent=\u00a0\u00bb100&Prime; position_vertical=\u00a0\u00bbmiddle\u00a0\u00bb align_horizontal=\u00a0\u00bbalign_center\u00a0\u00bb overlay_alpha=\u00a0\u00bb50&Prime; gutter_size=\u00a0\u00bb3&Prime; medium_width=\u00a0\u00bb0&Prime; mobile_width=\u00a0\u00bb0&Prime; shift_x=\u00a0\u00bb0&Prime; shift_y=\u00a0\u00bb0&Prime; shift_y_down=\u00a0\u00bb0&Prime; z_index=\u00a0\u00bb0&Prime; css_animation=\u00a0\u00bbright-t-left\u00a0\u00bb width=\u00a0\u00bb1\/1&Prime;][vc_custom_heading]Edition 1 &#8211; Janvier 2018[\/vc_custom_heading][\/vc_column][\/vc_row][vc_row unlock_row_content=\u00a0\u00bbyes\u00a0\u00bb row_height_percent=\u00a0\u00bb0&Prime; override_padding=\u00a0\u00bbyes\u00a0\u00bb h_padding=\u00a0\u00bb0&Prime; top_padding=\u00a0\u00bb0&Prime; bottom_padding=\u00a0\u00bb0&Prime; overlay_alpha=\u00a0\u00bb100&Prime; gutter_size=\u00a0\u00bb100&Prime; column_width_percent=\u00a0\u00bb100&Prime; shift_y=\u00a0\u00bb0&Prime; z_index=\u00a0\u00bb0&Prime; style=\u00a0\u00bbinherited\u00a0\u00bb][vc_column column_width_percent=\u00a0\u00bb100&Prime; position_horizontal=\u00a0\u00bbleft\u00a0\u00bb font_family=\u00a0\u00bbfont-134980&Prime; overlay_alpha=\u00a0\u00bb100&Prime; gutter_size=\u00a0\u00bb3&Prime; medium_width=\u00a0\u00bb0&Prime; mobile_width=\u00a0\u00bb0&Prime; shift_x=\u00a0\u00bb0&Prime; shift_y=\u00a0\u00bb0&Prime; z_index=\u00a0\u00bb0&Prime; zoom_width=\u00a0\u00bb0&Prime; zoom_height=\u00a0\u00bb0&Prime; width=\u00a0\u00bb1\/1&Prime;][uncode_index el_id=\u00a0\u00bbindex-197106822234&Prime; loop=\u00a0\u00bbsize:6|order_by:date|order:ASC|post_type:post|categories:1,472&Prime; style_preset=\u00a0\u00bbmetro\u00a0\u00bb single_height_viewport=\u00a0\u00bbyes\u00a0\u00bb gutter_size=\u00a0\u00bb0&Prime; post_items=\u00a0\u00bbmedia|featured|onpost|poster,title\u00a0\u00bb page_items=\u00a0\u00bbtitle,media,text,category\u00a0\u00bb product_items=\u00a0\u00bbtitle,media,text,category,price\u00a0\u00bb portfolio_items=\u00a0\u00bbtitle,media,text,category\u00a0\u00bb screen_lg=\u00a0\u00bb800&Prime; screen_md=\u00a0\u00bb800&Prime; screen_sm=\u00a0\u00bb800&Prime; single_text=\u00a0\u00bboverlay\u00a0\u00bb single_fluid_height=\u00a0\u00bb50&Prime; single_overlay_color=\u00a0\u00bbcolor-jevc\u00a0\u00bb single_overlay_coloration=\u00a0\u00bbbottom_gradient\u00a0\u00bb single_overlay_opacity=\u00a0\u00bb70&Prime; single_text_visible=\u00a0\u00bbyes\u00a0\u00bb single_text_anim=\u00a0\u00bbno\u00a0\u00bb single_overlay_visible=\u00a0\u00bbyes\u00a0\u00bb single_overlay_anim=\u00a0\u00bbno\u00a0\u00bb single_v_position=\u00a0\u00bbbottom\u00a0\u00bb single_padding=\u00a0\u00bb3&Prime; single_title_dimension=\u00a0\u00bbh2&Prime; single_title_family=\u00a0\u00bbfont-156269&Prime; single_border=\u00a0\u00bbyes\u00a0\u00bb single_css_animation=\u00a0\u00bbright-t-left\u00a0\u00bb single_animation_delay=\u00a0\u00bb400&Prime; single_text_inline=\u00a0\u00bbyes\u00a0\u00bb filtering_menu=\u00a0\u00bbinline\u00a0\u00bb single_text_hover=\u00a0\u00bbyes\u00a0\u00bb single_block_click=\u00a0\u00bbyes\u00a0\u00bb single_title_serif=\u00a0\u00bb\u00a0\u00bb single_title_divider=\u00a0\u00bbyes\u00a0\u00bb single_no_background=\u00a0\u00bb\u00a0\u00bb single_title_bold=\u00a0\u00bbyes\u00a0\u00bb single_half_padding=\u00a0\u00bb\u00a0\u00bb footer_position=\u00a0\u00bbleft\u00a0\u00bb carousel_rtl=\u00a0\u00bb\u00a0\u00bb order_ids=\u00a0\u00bb4193,4231,4247,4252,4225&Prime;][\/vc_column][\/vc_row]<\/p>\n","protected":false},"excerpt":{"rendered":"<p>[vc_row row_height_percent=\u00a0\u00bb0&Prime; overlay_alpha=\u00a0\u00bb50&Prime; gutter_size=\u00a0\u00bb3&Prime; column_width_percent=\u00a0\u00bb100&Prime; desktop_visibility=\u00a0\u00bbyes\u00a0\u00bb medium_visibility=\u00a0\u00bbyes\u00a0\u00bb mobile_visibility=\u00a0\u00bbyes\u00a0\u00bb shift_y=\u00a0\u00bb0&Prime; z_index=\u00a0\u00bb0&Prime;][vc_column width=\u00a0\u00bb1\/1&Prime;][vc_single_image media=\u00a0\u00bb65565&Prime; media_width_percent=\u00a0\u00bb100&Prime;][\/vc_column][\/vc_row][vc_row unlock_row_content=\u00a0\u00bbyes\u00a0\u00bb row_height_percent=\u00a0\u00bb0&Prime; override_padding=\u00a0\u00bbyes\u00a0\u00bb h_padding=\u00a0\u00bb0&Prime; top_padding=\u00a0\u00bb0&Prime; bottom_padding=\u00a0\u00bb0&Prime; overlay_alpha=\u00a0\u00bb100&Prime; [&hellip;]<\/p>\n","protected":false},"author":4,"featured_media":66384,"parent":0,"menu_order":0,"comment_status":"closed","ping_status":"closed","template":"","meta":{"footnotes":""},"class_list":["post-65569","page","type-page","status-publish","has-post-thumbnail","hentry"],"yoast_head":"<!-- This site is optimized with the Yoast SEO plugin v27.2 - https:\/\/yoast.com\/product\/yoast-seo-wordpress\/ -->\n<title>Les cahiers du S\u00e9nat - Groupe MR<\/title>\n<meta name=\"description\" content=\"Le blog de l&#039;actualit\u00e9 des S\u00e9nateurs MR \/ Janviers-mars 2018. Depuis 2014 et la mise en \u0153uvre de la sixi\u00e8me r\u00e9forme de l\u2019Etat, le S\u00e9nat est entr\u00e9 dans une nouvelle \u00e8re. Ses comp\u00e9tences et ses missions ont consid\u00e9rablement \u00e9volu\u00e9.\" \/>\n<meta name=\"robots\" content=\"index, follow, max-snippet:-1, max-image-preview:large, max-video-preview:-1\" \/>\n<link rel=\"canonical\" href=\"https:\/\/www.mrsenat.be\/cahiers-du-senat\/\" \/>\n<meta property=\"og:locale\" content=\"fr_FR\" \/>\n<meta property=\"og:type\" content=\"article\" \/>\n<meta property=\"og:title\" content=\"Les cahiers du S\u00e9nat - Groupe MR\" \/>\n<meta property=\"og:description\" content=\"Le blog de l&#039;actualit\u00e9 des S\u00e9nateurs MR \/ Janviers-mars 2018. Depuis 2014 et la mise en \u0153uvre de la sixi\u00e8me r\u00e9forme de l\u2019Etat, le S\u00e9nat est entr\u00e9 dans une nouvelle \u00e8re. Ses comp\u00e9tences et ses missions ont consid\u00e9rablement \u00e9volu\u00e9.\" \/>\n<meta property=\"og:url\" content=\"https:\/\/www.mrsenat.be\/cahiers-du-senat\/\" \/>\n<meta property=\"og:site_name\" content=\"Cahiers du S\u00e9nat\" \/>\n<meta property=\"article:modified_time\" content=\"2019-02-25T11:14:23+00:00\" \/>\n<meta property=\"og:image\" content=\"https:\/\/www.mrsenat.be\/cahiers-du-senat\/files\/2019\/01\/20181116121351_IMG_2060-e1548772844144.jpg\" \/>\n\t<meta property=\"og:image:width\" content=\"1600\" \/>\n\t<meta property=\"og:image:height\" content=\"1067\" \/>\n\t<meta property=\"og:image:type\" content=\"image\/jpeg\" \/>\n<meta name=\"twitter:card\" content=\"summary_large_image\" \/>\n<meta name=\"twitter:label1\" content=\"Dur\u00e9e de lecture estim\u00e9e\" \/>\n\t<meta name=\"twitter:data1\" content=\"6 minutes\" \/>\n<script type=\"application\/ld+json\" class=\"yoast-schema-graph\">{\"@context\":\"https:\/\/schema.org\",\"@graph\":[{\"@type\":\"WebPage\",\"@id\":\"https:\/\/www.mrsenat.be\/cahiers-du-senat\/\",\"url\":\"https:\/\/www.mrsenat.be\/cahiers-du-senat\/\",\"name\":\"Les cahiers du S\u00e9nat - Groupe MR\",\"isPartOf\":{\"@id\":\"https:\/\/www.mrsenat.be\/cahiers-du-senat\/#website\"},\"primaryImageOfPage\":{\"@id\":\"https:\/\/www.mrsenat.be\/cahiers-du-senat\/#primaryimage\"},\"image\":{\"@id\":\"https:\/\/www.mrsenat.be\/cahiers-du-senat\/#primaryimage\"},\"thumbnailUrl\":\"https:\/\/www.mrsenat.be\/cahiers-du-senat\/files\/2019\/01\/20181116121351_IMG_2060-e1548772844144.jpg\",\"datePublished\":\"2018-01-22T14:45:10+00:00\",\"dateModified\":\"2019-02-25T11:14:23+00:00\",\"description\":\"Le blog de l'actualit\u00e9 des S\u00e9nateurs MR \/ Janviers-mars 2018. Depuis 2014 et la mise en \u0153uvre de la sixi\u00e8me r\u00e9forme de l\u2019Etat, le S\u00e9nat est entr\u00e9 dans une nouvelle \u00e8re. Ses comp\u00e9tences et ses missions ont consid\u00e9rablement \u00e9volu\u00e9.\",\"breadcrumb\":{\"@id\":\"https:\/\/www.mrsenat.be\/cahiers-du-senat\/#breadcrumb\"},\"inLanguage\":\"fr-FR\",\"potentialAction\":[{\"@type\":\"ReadAction\",\"target\":[\"https:\/\/www.mrsenat.be\/cahiers-du-senat\/\"]}]},{\"@type\":\"ImageObject\",\"inLanguage\":\"fr-FR\",\"@id\":\"https:\/\/www.mrsenat.be\/cahiers-du-senat\/#primaryimage\",\"url\":\"https:\/\/www.mrsenat.be\/cahiers-du-senat\/files\/2019\/01\/20181116121351_IMG_2060-e1548772844144.jpg\",\"contentUrl\":\"https:\/\/www.mrsenat.be\/cahiers-du-senat\/files\/2019\/01\/20181116121351_IMG_2060-e1548772844144.jpg\",\"width\":1600,\"height\":1067},{\"@type\":\"BreadcrumbList\",\"@id\":\"https:\/\/www.mrsenat.be\/cahiers-du-senat\/#breadcrumb\",\"itemListElement\":[{\"@type\":\"ListItem\",\"position\":1,\"name\":\"Accueil\",\"item\":\"https:\/\/www.mrsenat.be\/cahiers-du-senat\/\"},{\"@type\":\"ListItem\",\"position\":2,\"name\":\"Les Cahiers du S\u00e9nat\"}]},{\"@type\":\"WebSite\",\"@id\":\"https:\/\/www.mrsenat.be\/cahiers-du-senat\/#website\",\"url\":\"https:\/\/www.mrsenat.be\/cahiers-du-senat\/\",\"name\":\"Cahiers du S\u00e9nat\",\"description\":\"Le blog de l&#039;actualit\u00e9 des S\u00e9nateurs MR\",\"potentialAction\":[{\"@type\":\"SearchAction\",\"target\":{\"@type\":\"EntryPoint\",\"urlTemplate\":\"https:\/\/www.mrsenat.be\/cahiers-du-senat\/?s={search_term_string}\"},\"query-input\":{\"@type\":\"PropertyValueSpecification\",\"valueRequired\":true,\"valueName\":\"search_term_string\"}}],\"inLanguage\":\"fr-FR\"}]}<\/script>\n<!-- \/ Yoast SEO plugin. -->","yoast_head_json":{"title":"Les cahiers du S\u00e9nat - Groupe MR","description":"Le blog de l'actualit\u00e9 des S\u00e9nateurs MR \/ Janviers-mars 2018. Depuis 2014 et la mise en \u0153uvre de la sixi\u00e8me r\u00e9forme de l\u2019Etat, le S\u00e9nat est entr\u00e9 dans une nouvelle \u00e8re. Ses comp\u00e9tences et ses missions ont consid\u00e9rablement \u00e9volu\u00e9.","robots":{"index":"index","follow":"follow","max-snippet":"max-snippet:-1","max-image-preview":"max-image-preview:large","max-video-preview":"max-video-preview:-1"},"canonical":"https:\/\/www.mrsenat.be\/cahiers-du-senat\/","og_locale":"fr_FR","og_type":"article","og_title":"Les cahiers du S\u00e9nat - Groupe MR","og_description":"Le blog de l'actualit\u00e9 des S\u00e9nateurs MR \/ Janviers-mars 2018. Depuis 2014 et la mise en \u0153uvre de la sixi\u00e8me r\u00e9forme de l\u2019Etat, le S\u00e9nat est entr\u00e9 dans une nouvelle \u00e8re. Ses comp\u00e9tences et ses missions ont consid\u00e9rablement \u00e9volu\u00e9.","og_url":"https:\/\/www.mrsenat.be\/cahiers-du-senat\/","og_site_name":"Cahiers du S\u00e9nat","article_modified_time":"2019-02-25T11:14:23+00:00","og_image":[{"width":1600,"height":1067,"url":"https:\/\/www.mrsenat.be\/cahiers-du-senat\/files\/2019\/01\/20181116121351_IMG_2060-e1548772844144.jpg","type":"image\/jpeg"}],"twitter_card":"summary_large_image","twitter_misc":{"Dur\u00e9e de lecture estim\u00e9e":"6 minutes"},"schema":{"@context":"https:\/\/schema.org","@graph":[{"@type":"WebPage","@id":"https:\/\/www.mrsenat.be\/cahiers-du-senat\/","url":"https:\/\/www.mrsenat.be\/cahiers-du-senat\/","name":"Les cahiers du S\u00e9nat - Groupe MR","isPartOf":{"@id":"https:\/\/www.mrsenat.be\/cahiers-du-senat\/#website"},"primaryImageOfPage":{"@id":"https:\/\/www.mrsenat.be\/cahiers-du-senat\/#primaryimage"},"image":{"@id":"https:\/\/www.mrsenat.be\/cahiers-du-senat\/#primaryimage"},"thumbnailUrl":"https:\/\/www.mrsenat.be\/cahiers-du-senat\/files\/2019\/01\/20181116121351_IMG_2060-e1548772844144.jpg","datePublished":"2018-01-22T14:45:10+00:00","dateModified":"2019-02-25T11:14:23+00:00","description":"Le blog de l'actualit\u00e9 des S\u00e9nateurs MR \/ Janviers-mars 2018. Depuis 2014 et la mise en \u0153uvre de la sixi\u00e8me r\u00e9forme de l\u2019Etat, le S\u00e9nat est entr\u00e9 dans une nouvelle \u00e8re. Ses comp\u00e9tences et ses missions ont consid\u00e9rablement \u00e9volu\u00e9.","breadcrumb":{"@id":"https:\/\/www.mrsenat.be\/cahiers-du-senat\/#breadcrumb"},"inLanguage":"fr-FR","potentialAction":[{"@type":"ReadAction","target":["https:\/\/www.mrsenat.be\/cahiers-du-senat\/"]}]},{"@type":"ImageObject","inLanguage":"fr-FR","@id":"https:\/\/www.mrsenat.be\/cahiers-du-senat\/#primaryimage","url":"https:\/\/www.mrsenat.be\/cahiers-du-senat\/files\/2019\/01\/20181116121351_IMG_2060-e1548772844144.jpg","contentUrl":"https:\/\/www.mrsenat.be\/cahiers-du-senat\/files\/2019\/01\/20181116121351_IMG_2060-e1548772844144.jpg","width":1600,"height":1067},{"@type":"BreadcrumbList","@id":"https:\/\/www.mrsenat.be\/cahiers-du-senat\/#breadcrumb","itemListElement":[{"@type":"ListItem","position":1,"name":"Accueil","item":"https:\/\/www.mrsenat.be\/cahiers-du-senat\/"},{"@type":"ListItem","position":2,"name":"Les Cahiers du S\u00e9nat"}]},{"@type":"WebSite","@id":"https:\/\/www.mrsenat.be\/cahiers-du-senat\/#website","url":"https:\/\/www.mrsenat.be\/cahiers-du-senat\/","name":"Cahiers du S\u00e9nat","description":"Le blog de l&#039;actualit\u00e9 des S\u00e9nateurs MR","potentialAction":[{"@type":"SearchAction","target":{"@type":"EntryPoint","urlTemplate":"https:\/\/www.mrsenat.be\/cahiers-du-senat\/?s={search_term_string}"},"query-input":{"@type":"PropertyValueSpecification","valueRequired":true,"valueName":"search_term_string"}}],"inLanguage":"fr-FR"}]}},"_links":{"self":[{"href":"https:\/\/www.mrsenat.be\/cahiers-du-senat\/wp-json\/wp\/v2\/pages\/65569","targetHints":{"allow":["GET"]}}],"collection":[{"href":"https:\/\/www.mrsenat.be\/cahiers-du-senat\/wp-json\/wp\/v2\/pages"}],"about":[{"href":"https:\/\/www.mrsenat.be\/cahiers-du-senat\/wp-json\/wp\/v2\/types\/page"}],"author":[{"embeddable":true,"href":"https:\/\/www.mrsenat.be\/cahiers-du-senat\/wp-json\/wp\/v2\/users\/4"}],"replies":[{"embeddable":true,"href":"https:\/\/www.mrsenat.be\/cahiers-du-senat\/wp-json\/wp\/v2\/comments?post=65569"}],"version-history":[{"count":39,"href":"https:\/\/www.mrsenat.be\/cahiers-du-senat\/wp-json\/wp\/v2\/pages\/65569\/revisions"}],"predecessor-version":[{"id":66385,"href":"https:\/\/www.mrsenat.be\/cahiers-du-senat\/wp-json\/wp\/v2\/pages\/65569\/revisions\/66385"}],"wp:featuredmedia":[{"embeddable":true,"href":"https:\/\/www.mrsenat.be\/cahiers-du-senat\/wp-json\/wp\/v2\/media\/66384"}],"wp:attachment":[{"href":"https:\/\/www.mrsenat.be\/cahiers-du-senat\/wp-json\/wp\/v2\/media?parent=65569"}],"curies":[{"name":"wp","href":"https:\/\/api.w.org\/{rel}","templated":true}]}}