{"id":66409,"date":"2019-06-20T11:19:12","date_gmt":"2019-06-20T09:19:12","guid":{"rendered":"http:\/\/www.mrsenat.be\/cahiers-du-senat\/?page_id=66409"},"modified":"2019-06-20T11:19:12","modified_gmt":"2019-06-20T09:19:12","slug":"actualites","status":"publish","type":"page","link":"https:\/\/www.mrsenat.be\/cahiers-du-senat\/actualites\/","title":{"rendered":"Actualit\u00e9s"},"content":{"rendered":"<p>[vc_row][vc_column width=\u00a0\u00bb1\/1&Prime;][uncode_index el_id=\u00a0\u00bbindex-138581&Prime; loop=\u00a0\u00bbsize:All|order_by:date|post_type:post\u00a0\u00bb infinite=\u00a0\u00bbyes\u00a0\u00bb infinite_button=\u00a0\u00bbyes\u00a0\u00bb infinite_button_color=\u00a0\u00bbaccent\u00a0\u00bb gutter_size=\u00a0\u00bb3&Prime; post_items=\u00a0\u00bbmedia|featured|onpost|original,title,category|nobg,date,text|excerpt\u00a0\u00bb screen_lg=\u00a0\u00bb1000&Prime; screen_md=\u00a0\u00bb600&Prime; screen_sm=\u00a0\u00bb480&Prime; single_overlay_opacity=\u00a0\u00bb50&Prime; single_padding=\u00a0\u00bb2&Prime; infinite_button_text=\u00a0\u00bbVoir plus\u00a0\u00bb][\/vc_column][\/vc_row]<\/p>\n","protected":false},"excerpt":{"rendered":"<p>[vc_row][vc_column width=\u00a0\u00bb1\/1&Prime;][uncode_index el_id=\u00a0\u00bbindex-138581&Prime; loop=\u00a0\u00bbsize:All|order_by:date|post_type:post\u00a0\u00bb infinite=\u00a0\u00bbyes\u00a0\u00bb infinite_button=\u00a0\u00bbyes\u00a0\u00bb infinite_button_color=\u00a0\u00bbaccent\u00a0\u00bb gutter_size=\u00a0\u00bb3&Prime; post_items=\u00a0\u00bbmedia|featured|onpost|original,title,category|nobg,date,text|excerpt\u00a0\u00bb screen_lg=\u00a0\u00bb1000&Prime; screen_md=\u00a0\u00bb600&Prime; screen_sm=\u00a0\u00bb480&Prime; single_overlay_opacity=\u00a0\u00bb50&Prime; single_padding=\u00a0\u00bb2&Prime; infinite_button_text=\u00a0\u00bbVoir plus\u00a0\u00bb][\/vc_column][\/vc_row]<\/p>\n","protected":false},"author":4,"featured_media":0,"parent":0,"menu_order":0,"comment_status":"closed","ping_status":"closed","template":"","meta":{"footnotes":""},"class_list":["post-66409","page","type-page","status-publish","hentry"],"yoast_head":"<!-- This site is optimized with the Yoast SEO plugin v27.2 - https:\/\/yoast.com\/product\/yoast-seo-wordpress\/ -->\n<title>Actualit\u00e9s - Cahiers du S\u00e9nat<\/title>\n<meta name=\"robots\" content=\"index, follow, max-snippet:-1, max-image-preview:large, max-video-preview:-1\" \/>\n<link rel=\"canonical\" href=\"https:\/\/www.mrsenat.be\/cahiers-du-senat\/actualites\/\" \/>\n<meta property=\"og:locale\" content=\"fr_FR\" \/>\n<meta property=\"og:type\" content=\"article\" \/>\n<meta property=\"og:title\" content=\"Actualit\u00e9s - Cahiers du S\u00e9nat\" \/>\n<meta property=\"og:description\" content=\"[vc_row][vc_column width=\u00a0\u00bb1\/1&Prime;][uncode_index el_id=\u00a0\u00bbindex-138581&Prime; loop=\u00a0\u00bbsize:All|order_by:date|post_type:post\u00a0\u00bb infinite=\u00a0\u00bbyes\u00a0\u00bb infinite_button=\u00a0\u00bbyes\u00a0\u00bb infinite_button_color=\u00a0\u00bbaccent\u00a0\u00bb gutter_size=\u00a0\u00bb3&Prime; post_items=\u00a0\u00bbmedia|featured|onpost|original,title,category|nobg,date,text|excerpt\u00a0\u00bb screen_lg=\u00a0\u00bb1000&Prime; screen_md=\u00a0\u00bb600&Prime; screen_sm=\u00a0\u00bb480&Prime; single_overlay_opacity=\u00a0\u00bb50&Prime; single_padding=\u00a0\u00bb2&Prime; infinite_button_text=\u00a0\u00bbVoir plus\u00a0\u00bb][\/vc_column][\/vc_row]\" \/>\n<meta property=\"og:url\" content=\"https:\/\/www.mrsenat.be\/cahiers-du-senat\/actualites\/\" \/>\n<meta property=\"og:site_name\" content=\"Cahiers du S\u00e9nat\" \/>\n<meta name=\"twitter:card\" content=\"summary_large_image\" \/>\n<script type=\"application\/ld+json\" class=\"yoast-schema-graph\">{\"@context\":\"https:\/\/schema.org\",\"@graph\":[{\"@type\":\"WebPage\",\"@id\":\"https:\/\/www.mrsenat.be\/cahiers-du-senat\/actualites\/\",\"url\":\"https:\/\/www.mrsenat.be\/cahiers-du-senat\/actualites\/\",\"name\":\"Actualit\u00e9s - Cahiers du S\u00e9nat\",\"isPartOf\":{\"@id\":\"https:\/\/www.mrsenat.be\/cahiers-du-senat\/#website\"},\"datePublished\":\"2019-06-20T09:19:12+00:00\",\"breadcrumb\":{\"@id\":\"https:\/\/www.mrsenat.be\/cahiers-du-senat\/actualites\/#breadcrumb\"},\"inLanguage\":\"fr-FR\",\"potentialAction\":[{\"@type\":\"ReadAction\",\"target\":[\"https:\/\/www.mrsenat.be\/cahiers-du-senat\/actualites\/\"]}]},{\"@type\":\"BreadcrumbList\",\"@id\":\"https:\/\/www.mrsenat.be\/cahiers-du-senat\/actualites\/#breadcrumb\",\"itemListElement\":[{\"@type\":\"ListItem\",\"position\":1,\"name\":\"Accueil\",\"item\":\"https:\/\/www.mrsenat.be\/cahiers-du-senat\/\"},{\"@type\":\"ListItem\",\"position\":2,\"name\":\"Actualit\u00e9s\"}]},{\"@type\":\"WebSite\",\"@id\":\"https:\/\/www.mrsenat.be\/cahiers-du-senat\/#website\",\"url\":\"https:\/\/www.mrsenat.be\/cahiers-du-senat\/\",\"name\":\"Cahiers du S\u00e9nat\",\"description\":\"Le blog de l&#039;actualit\u00e9 des S\u00e9nateurs MR\",\"potentialAction\":[{\"@type\":\"SearchAction\",\"target\":{\"@type\":\"EntryPoint\",\"urlTemplate\":\"https:\/\/www.mrsenat.be\/cahiers-du-senat\/?s={search_term_string}\"},\"query-input\":{\"@type\":\"PropertyValueSpecification\",\"valueRequired\":true,\"valueName\":\"search_term_string\"}}],\"inLanguage\":\"fr-FR\"}]}<\/script>\n<!-- \/ Yoast SEO plugin. -->","yoast_head_json":{"title":"Actualit\u00e9s - Cahiers du S\u00e9nat","robots":{"index":"index","follow":"follow","max-snippet":"max-snippet:-1","max-image-preview":"max-image-preview:large","max-video-preview":"max-video-preview:-1"},"canonical":"https:\/\/www.mrsenat.be\/cahiers-du-senat\/actualites\/","og_locale":"fr_FR","og_type":"article","og_title":"Actualit\u00e9s - Cahiers du S\u00e9nat","og_description":"[vc_row][vc_column width=\u00a0\u00bb1\/1&Prime;][uncode_index el_id=\u00a0\u00bbindex-138581&Prime; loop=\u00a0\u00bbsize:All|order_by:date|post_type:post\u00a0\u00bb infinite=\u00a0\u00bbyes\u00a0\u00bb infinite_button=\u00a0\u00bbyes\u00a0\u00bb infinite_button_color=\u00a0\u00bbaccent\u00a0\u00bb gutter_size=\u00a0\u00bb3&Prime; post_items=\u00a0\u00bbmedia|featured|onpost|original,title,category|nobg,date,text|excerpt\u00a0\u00bb screen_lg=\u00a0\u00bb1000&Prime; screen_md=\u00a0\u00bb600&Prime; screen_sm=\u00a0\u00bb480&Prime; single_overlay_opacity=\u00a0\u00bb50&Prime; single_padding=\u00a0\u00bb2&Prime; infinite_button_text=\u00a0\u00bbVoir plus\u00a0\u00bb][\/vc_column][\/vc_row]","og_url":"https:\/\/www.mrsenat.be\/cahiers-du-senat\/actualites\/","og_site_name":"Cahiers du S\u00e9nat","twitter_card":"summary_large_image","schema":{"@context":"https:\/\/schema.org","@graph":[{"@type":"WebPage","@id":"https:\/\/www.mrsenat.be\/cahiers-du-senat\/actualites\/","url":"https:\/\/www.mrsenat.be\/cahiers-du-senat\/actualites\/","name":"Actualit\u00e9s - Cahiers du S\u00e9nat","isPartOf":{"@id":"https:\/\/www.mrsenat.be\/cahiers-du-senat\/#website"},"datePublished":"2019-06-20T09:19:12+00:00","breadcrumb":{"@id":"https:\/\/www.mrsenat.be\/cahiers-du-senat\/actualites\/#breadcrumb"},"inLanguage":"fr-FR","potentialAction":[{"@type":"ReadAction","target":["https:\/\/www.mrsenat.be\/cahiers-du-senat\/actualites\/"]}]},{"@type":"BreadcrumbList","@id":"https:\/\/www.mrsenat.be\/cahiers-du-senat\/actualites\/#breadcrumb","itemListElement":[{"@type":"ListItem","position":1,"name":"Accueil","item":"https:\/\/www.mrsenat.be\/cahiers-du-senat\/"},{"@type":"ListItem","position":2,"name":"Actualit\u00e9s"}]},{"@type":"WebSite","@id":"https:\/\/www.mrsenat.be\/cahiers-du-senat\/#website","url":"https:\/\/www.mrsenat.be\/cahiers-du-senat\/","name":"Cahiers du S\u00e9nat","description":"Le blog de l&#039;actualit\u00e9 des S\u00e9nateurs MR","potentialAction":[{"@type":"SearchAction","target":{"@type":"EntryPoint","urlTemplate":"https:\/\/www.mrsenat.be\/cahiers-du-senat\/?s={search_term_string}"},"query-input":{"@type":"PropertyValueSpecification","valueRequired":true,"valueName":"search_term_string"}}],"inLanguage":"fr-FR"}]}},"_links":{"self":[{"href":"https:\/\/www.mrsenat.be\/cahiers-du-senat\/wp-json\/wp\/v2\/pages\/66409","targetHints":{"allow":["GET"]}}],"collection":[{"href":"https:\/\/www.mrsenat.be\/cahiers-du-senat\/wp-json\/wp\/v2\/pages"}],"about":[{"href":"https:\/\/www.mrsenat.be\/cahiers-du-senat\/wp-json\/wp\/v2\/types\/page"}],"author":[{"embeddable":true,"href":"https:\/\/www.mrsenat.be\/cahiers-du-senat\/wp-json\/wp\/v2\/users\/4"}],"replies":[{"embeddable":true,"href":"https:\/\/www.mrsenat.be\/cahiers-du-senat\/wp-json\/wp\/v2\/comments?post=66409"}],"version-history":[{"count":6,"href":"https:\/\/www.mrsenat.be\/cahiers-du-senat\/wp-json\/wp\/v2\/pages\/66409\/revisions"}],"predecessor-version":[{"id":66415,"href":"https:\/\/www.mrsenat.be\/cahiers-du-senat\/wp-json\/wp\/v2\/pages\/66409\/revisions\/66415"}],"wp:attachment":[{"href":"https:\/\/www.mrsenat.be\/cahiers-du-senat\/wp-json\/wp\/v2\/media?parent=66409"}],"curies":[{"name":"wp","href":"https:\/\/api.w.org\/{rel}","templated":true}]}}